{"id":233,"date":"2020-04-04T21:54:07","date_gmt":"2020-04-04T20:54:07","guid":{"rendered":"http:\/\/bassamissa.xyz\/?page_id=233"},"modified":"2026-02-24T16:14:12","modified_gmt":"2026-02-24T16:14:12","slug":"about","status":"publish","type":"page","link":"https:\/\/bassamissa.xyz\/?page_id=233","title":{"rendered":"CV"},"content":{"rendered":"\n<p class=\"has-pale-pink-color has-text-color has-link-color has-small-font-size wp-elements-55d15434710e0f0648c8d167678e1708\"><\/p>\n\n\n\n<p class=\"has-pale-pink-color has-text-color has-link-color has-small-font-size wp-elements-7d6eb6a5d8b42cfe0b289b6b3aa88528\"><strong>Solo Exhibitions<\/strong><\/p>\n\n\n\n<p class=\"has-small-font-size\">THE MISSION IS THE END, THE END IS ALL I WANT!, FACT, Liverpool, 2025<\/p>\n\n\n\n<p class=\"has-small-font-size\">Biolytic Daughter, VSSL Studio, London, 2025<\/p>\n\n\n\n<p class=\"has-small-font-size\">you are in heaven but suddenly everything begins to burn, Kunstverein Aughrim, Wicklow, 2024<\/p>\n\n\n\n<p class=\"has-small-font-size\">Uncensored Lilac, IT Server Hotel Heidelberg, IFFMH, Germany, 2024,<\/p>\n\n\n\n<p class=\"has-small-font-size\">Uncensored Lilac, Silent Green, Transmediale, 2024 (in collaboration with Jennifer Mehigan)<\/p>\n\n\n\n<p class=\"has-small-font-size\">A Scream Floats Among the Flowers, Illuminations Gallery, Maynooth, 2023<\/p>\n\n\n\n<p class=\"has-small-font-size\">IT\u2019S DANGEROUS TO GO ALONE, TAKE THIS! The Douglas Hyde, 2022<\/p>\n\n\n\n<p class=\"has-small-font-size\">Online solo exhibition, AEMI Online, 2022<\/p>\n\n\n\n<p class=\"has-small-font-size\">I AM ERROR, De La Warr Pavillion, Bexhill, 2022<\/p>\n\n\n\n<p class=\"has-small-font-size\">I AM ERROR, Gasworks, London, 2021<\/p>\n\n\n\n<p class=\"has-small-font-size\">Longing, Beyond, Offsite solo event with Glucksman museum, Cork, 2021<\/p>\n\n\n\n<p class=\"has-small-font-size\">Dissolving Beyond the Worm Moon, Solstice Arts Centre, Navan, 2019<\/p>\n\n\n\n<p class=\"has-small-font-size\">Illusions of Love Dyed by Sunset, the LAB, Dublin, 2018<\/p>\n\n\n\n<p class=\"has-small-font-size\">The dust carried me into the watchful summer, Eight Gallery, Dublin 2017&nbsp;<\/p>\n\n\n\n<p class=\"has-pale-pink-color has-text-color has-link-color has-small-font-size wp-elements-799e1b7c9de9423dc275b9158e878c8c\"><strong>Selected Group Exhibitions<\/strong><\/p>\n\n\n\n<p class=\"has-small-font-size\">Let Things Go: Relations of Relations, the 4th Seoul Art &amp; Tech Festival Unfold X 2025, Seoul, Korea, 2025<\/p>\n\n\n\n<p class=\"has-small-font-size\">the soft fall of land, The Library Project, Dublin, 2025<\/p>\n\n\n\n<p class=\"has-small-font-size\">To Be Spat Back out, GOMA, Waterford, 2025<\/p>\n\n\n\n<p class=\"has-small-font-size\">Foreward, Centre For The Image\/PhotoIreland, Dublin, 2025<\/p>\n\n\n\n<p class=\"has-small-font-size\">In Pieces: Navigating the Body in Contemporary Irish, The Glucksman Museum, Cork, 2024<\/p>\n\n\n\n<p class=\"has-small-font-size\">Land, The Douglas Hyde Gallery, Dublin, 2024<\/p>\n\n\n\n<p class=\"has-small-font-size\">Footfalls, BRITTA RETTBERG, Munich, 2024<\/p>\n\n\n\n<p class=\"has-small-font-size\">Ctrl + \u2191 for Coyote Time, Traf\u00f3 Gallery Gallery,Budapest, 2024<\/p>\n\n\n\n<p class=\"has-small-font-size\">Maslow\u2019s Hammer, Pallas projects, Dublin, 2023<strong><\/strong><\/p>\n\n\n\n<p class=\"has-small-font-size\">Prix Ars Electronica: main exhibition, Linz, Austria, 2023<\/p>\n\n\n\n<p class=\"has-small-font-size\">TERRAIN, Beta Festival, The Digital Depot, 2023<\/p>\n\n\n\n<p class=\"has-small-font-size\">Material parables, Draiocht, Dublin, 2023<\/p>\n\n\n\n<p class=\"has-small-font-size\">GATEWAYS, Online Exhibition with Vital Capacities, 2023<\/p>\n\n\n\n<p class=\"has-small-font-size\">Flower in the Wind, Belmacz Gallery, London, 2023<\/p>\n\n\n\n<p class=\"has-small-font-size\">Invited Artist, RHA Annual Exhibition, 2023<\/p>\n\n\n\n<p class=\"has-small-font-size\">Portals, Luan Gallery, Athlone, 2023<\/p>\n\n\n\n<p class=\"has-small-font-size\">Swallowing Geography, Regional Cultural Centre and Glebe House &amp; Gallery, Donegal, 2022<\/p>\n\n\n\n<p class=\"has-small-font-size\">Curdle, The Courthouse Gallery. Clare, 2022<\/p>\n\n\n\n<p class=\"has-small-font-size\">Uphold: New Collections, 35DP, Belfast, 2022<\/p>\n\n\n\n<p class=\"has-small-font-size\">A Collection of Conversations, Highlanes Gallery, Drogheda, 2022<\/p>\n\n\n\n<p class=\"has-small-font-size\">Fantasmagoriana, LIAF Biennale, Lofoten, Norway, 2022<\/p>\n\n\n\n<p class=\"has-small-font-size\">Cosmic Rays, PEEL GALLERY, Chapel Hill, USA, 2022<\/p>\n\n\n\n<p class=\"has-small-font-size\">A Public Skin, Josh Lilley Gallery, London, 2022<\/p>\n\n\n\n<p class=\"has-small-font-size\">Living Canvas, Wilton Park, Dublin, 2022<\/p>\n\n\n\n<p class=\"has-small-font-size\">Social Fabric, IMMA, Dublin, 2021<\/p>\n\n\n\n<p class=\"has-small-font-size\">Hestia, Bis44, curated by Sacha Guedj Cohen, Paris, 2021<\/p>\n\n\n\n<p class=\"has-small-font-size\">Queer Embodiment, IMMA, Dublin 2021<\/p>\n\n\n\n<p class=\"has-small-font-size\">Group exhibition, Solstice Arts Centre, 2022<\/p>\n\n\n\n<p class=\"has-small-font-size\">Jackie McKenna, Bassam Al-Sabah &amp; Atoosa Pour Hosseini, The Dock, Carrick-on-Shannon, 2021<\/p>\n\n\n\n<p class=\"has-small-font-size\">Refuge, Green on Red Gallery, Dublin, 2021<\/p>\n\n\n\n<p class=\"has-small-font-size\">I am What I Am, Ballina Arts Centre, Mayo, 2021<\/p>\n\n\n\n<p class=\"has-small-font-size\">Here in This Room, Site Gallery, Sheffield 2021<\/p>\n\n\n\n<p class=\"has-small-font-size\">On Belonging, The Library Project curated by Diana Bamimeke, Dublin, 2021<\/p>\n\n\n\n<p class=\"has-small-font-size\">Turas, Glebe Gallery, Donegal, 2021<\/p>\n\n\n\n<p class=\"has-small-font-size\">Sam\u2019s Eden, Group show in the form of a book, Catalyst Arts, Belfast 2021<\/p>\n\n\n\n<p class=\"has-small-font-size\">Transmediale: for refusal, Berlin 2021<\/p>\n\n\n\n<p class=\"has-small-font-size\">Human, 126 Gallery, Curated by Simon Fennessy Corcoran, Galway, 2020<\/p>\n\n\n\n<p class=\"has-small-font-size\">Dissolving Histories, Golden Thread Gallery, Belfast 2020<\/p>\n\n\n\n<p class=\"has-small-font-size\">Metamorphosis: Characters in Collision, Gl\u00f3r, Ennis, 2020<\/p>\n\n\n\n<p class=\"has-small-font-size\">Dun Laoghaire collection exhibition, dlr LexIcon, Dun Laoghaire 2020<\/p>\n\n\n\n<p class=\"has-small-font-size\">In the Age of Conscious Makers, NCAD Gallery, Dublin, 2019<\/p>\n\n\n\n<p class=\"has-small-font-size\">A Fiction Close to Reality, IMMA, Dublin, 2019<\/p>\n\n\n\n<p class=\"has-small-font-size\">Pallas Periodical Review, Pallas projects, Dublin, 2018<\/p>\n\n\n\n<p class=\"has-small-font-size\">Futures, Series 3, Episode 2, Royal Hibernian Acadamy, Dublin, 2018<\/p>\n\n\n\n<p class=\"has-small-font-size\">Syntonic State, Tulca 18, Curated by Linda Shevlin, Galway 2018<\/p>\n\n\n\n<p class=\"has-small-font-size\">Drop Everything, Aras Eanna Arts Centre, Galway 2018<\/p>\n\n\n\n<p class=\"has-small-font-size\">VUE art fair, RHA Gallery, Dublin, 2018<\/p>\n\n\n\n<p class=\"has-small-font-size\">Stream, The Complex, Dublin, 2017&nbsp;<\/p>\n\n\n\n<p class=\"has-small-font-size\">RDS Visual Arts Awards, curated by Alice Maher, RDS Concert Hall, Dublin, 2016&nbsp;<\/p>\n\n\n\n<p class=\"has-small-font-size\">I Am Doing Things, IADT Dun Laoghaire, 2016&nbsp;<\/p>\n\n\n\n<p class=\"has-small-font-size\">Juvenoia, Pallas Projects and Studios, Dublin, 2015&nbsp;<\/p>\n\n\n\n<p class=\"has-small-font-size\">Islands, The Mart, Dublin, 2015&nbsp;<\/p>\n\n\n\n<p class=\"has-small-font-size\">Separate, The Mart, Dublin, 2014&nbsp;<\/p>\n\n\n\n<p class=\"has-small-font-size\">Imagination, The Drawing Project, Dun Laoghaire, 2013&nbsp;<\/p>\n\n\n\n<p class=\"has-pale-pink-color has-text-color has-link-color has-small-font-size wp-elements-4028aafc0f656b4b9404de4432c3eb4c\"><strong>Solo Screenings<\/strong><\/p>\n\n\n\n<p class=\"has-small-font-size\">Solo screening as part of Artist Film International: the Crawford Art Gallery &amp; the Whitechapel, 2022<\/p>\n\n\n\n<p class=\"has-small-font-size\">Solo screening of 2 films, The Dock, Carrick-On-Shannon, 2021<\/p>\n\n\n\n<p class=\"has-small-font-size\">Online screening of \u201cFenced Within the Silent Cold Walls\u201d, The Douglas Hyde, 2021<\/p>\n\n\n\n<p class=\"has-small-font-size\">Screening at TBG+S followed by artist talk with curator Michael Hill, Dublin, 2019<\/p>\n\n\n\n<p class=\"has-pale-pink-color has-text-color has-link-color has-small-font-size wp-elements-7ba6b3b3ed14a2135b65784986efbc09\"><strong>Group Screenings<\/strong><\/p>\n\n\n\n<p class=\"has-small-font-size\">DEMONS REVENGE, Nguyen Art Foundation, Vietnam, 2025<\/p>\n\n\n\n<p class=\"has-small-font-size\">Group Screening, Le Cr\u00e9dac, Paris, &nbsp;2025<\/p>\n\n\n\n<p class=\"has-small-font-size\">Glittering Wormholes, Heavenly Ruptures, The Entirety Becomes a Glitch, Care-fuffle, online, 2024<\/p>\n\n\n\n<p class=\"has-small-font-size\">skins on my bodies, Blickle Kino at Belvedere 21, Vienna, 2024<\/p>\n\n\n\n<p class=\"has-small-font-size\">Group Screening, Ho\u0161ek Contemporary, Berlin, 2024<\/p>\n\n\n\n<p class=\"has-small-font-size\">Frames of Rebellion, SPARE WHEEL, Brussels, 2024<\/p>\n\n\n\n<p class=\"has-small-font-size\">Both Sides Now VIII: Queer Realities\/Virtualities: 1\/F Kino, Eaton Hong Kong, The Horse Hospital, London, Esea Contemporary, Manchester, and Fabrica Gallery, Brighton,&nbsp; 2023<\/p>\n\n\n\n<p class=\"has-small-font-size\">8K Deep Space, Prix Ars Electronica, Linz, Austria, 2023<\/p>\n\n\n\n<p class=\"has-small-font-size\">Group screening, DA\/S festival, Switzerland, 2023<\/p>\n\n\n\n<p class=\"has-small-font-size\">Neuer Berliner Kunstverein, online, Berlin, 2022<\/p>\n\n\n\n<p class=\"has-small-font-size\">Queer City Cinema, Canada, 2022<\/p>\n\n\n\n<p class=\"has-small-font-size\">Sentient Encounters, AKI Academy of Art and Design,&nbsp;Enschede, 2022<\/p>\n\n\n\n<p class=\"has-small-font-size\">Visual Viscera: Embodied Subjectives, The Barbican Centre, London. 2022<\/p>\n\n\n\n<p class=\"has-small-font-size\">Cooper Gallery, Sheffield, 2021<\/p>\n\n\n\n<p class=\"has-small-font-size\">Jue De Paume, Paris, 2021<\/p>\n\n\n\n<p class=\"has-small-font-size\">SQIFF, Scotland, 2021<\/p>\n\n\n\n<p class=\"has-small-font-size\">EX-choice 4, EX-IS, Korea, 2021<\/p>\n\n\n\n<p class=\"has-small-font-size\">Out Of Doors, Transmediale, Berlin 2021<\/p>\n\n\n\n<p class=\"has-pale-pink-color has-text-color has-link-color has-small-font-size wp-elements-fd1d0bed7f0d6a6cb7131050bdb7ff0c\"><strong>Residencies<\/strong><\/p>\n\n\n\n<p class=\"has-small-font-size\">RHA\/Wilton park studio residency, 2025-27<\/p>\n\n\n\n<p class=\"has-small-font-size\">Black Church Process Residency, Dublin, 2024-2025<\/p>\n\n\n\n<p class=\"has-small-font-size\">Micro Residency, Cow House Studios, Ireland, 2024<\/p>\n\n\n\n<p class=\"has-small-font-size\">Vital Capacities, Online residency, UK, 2023<\/p>\n\n\n\n<p class=\"has-small-font-size\">Image-Maker in Residence, The Sociological Review, 2022<\/p>\n\n\n\n<p class=\"has-small-font-size\">3-year membership studio, Temple Bar Gallery, and Studios, 2022<\/p>\n\n\n\n<p class=\"has-small-font-size\">Cit\u00e9 Internationale des Arts Paris, Institut Fran\u00e7ais, 2021<\/p>\n\n\n\n<p class=\"has-small-font-size\">Gasworks studio residency award 2021<strong><\/strong><\/p>\n\n\n\n<p class=\"has-small-font-size\">Fingal RHA studio award, 2019-2020<\/p>\n\n\n\n<p class=\"has-small-font-size\">Temple Bar Gallery Graduate Residency Award, 2018 \u2013 2019<\/p>\n\n\n\n<p class=\"has-small-font-size\">RHA Graduate Studio Award, 2016- 2017&nbsp;<\/p>\n\n\n\n<p class=\"has-pale-pink-color has-text-color has-link-color has-small-font-size wp-elements-cbd68209b0097d9d52b3015c74a80547\"><strong><mark style=\"background-color:rgba(0, 0, 0, 0)\" class=\"has-inline-color has-pale-pink-color\">Artist Talks and lecturing<\/mark><\/strong><\/p>\n\n\n\n<p class=\"has-small-font-size\">Bassam Issa Al-Sabah and Nina Davies in conversation with Nora O\u2019Murcho, FACT, Liverpool, 2026<\/p>\n\n\n\n<p class=\"has-small-font-size\">Artist talk, IADT\/National Film School, 2026<\/p>\n\n\n\n<p class=\"has-small-font-size\">Artist talk, RHA students, 2025<\/p>\n\n\n\n<p class=\"has-small-font-size\">Creativity &amp; the Technical Tendency, Beta Festival Conference, 2023<\/p>\n\n\n\n<p class=\"has-small-font-size\">Prix Forum New Animation Art will feature Golden Nica winner Ayoung Kim (KR), Award of Distinction Bassam Issa Al-Sabah (IE) and SANGHEE (KR) as speakers. The panel will be moderated by Jury members N\u00f3ra \u00d3 Murch\u00fa (IE) and Helen Starr (UK), Linz, 2023<\/p>\n\n\n\n<p class=\"has-small-font-size\">Bassam Issa Al-Sabah and Jennifer Mehigan in conversation with Georgina Jackson, DHG, 2023<\/p>\n\n\n\n<p class=\"has-small-font-size\">Artist talk, Young Art Writers, Dublin, 2020<\/p>\n\n\n\n<p class=\"has-small-font-size\">Artist talk, NCAD, Dublin, 2020<\/p>\n\n\n\n<p class=\"has-small-font-size\">Visiting Lecturer, IADT, Dublin 2020<\/p>\n\n\n\n<p class=\"has-small-font-size\">Panel Discussion with Georgina Jackson and Marysia Wieckiewicz-Carroll, The LAB, Dublin 2020<\/p>\n\n\n\n<p class=\"has-small-font-size\">Panel Discussion with Chloe Brenan, Catriona Leahy, chaired by Dr. Pamela Whitaker, TBG+S, 2019<\/p>\n\n\n\n<p class=\"has-small-font-size\">Artist talk with collections curator Claire Walshe, Irish Museum Of Modern Art, Dublin, 2019<\/p>\n\n\n\n<p class=\"has-small-font-size\">Artist Talk, Solstice Arts Centre, Navan, 2019<\/p>\n\n\n\n<p class=\"has-small-font-size\">Visiting Lecturer, GMIT the MA Creative Practice Visiting Lecturer programme, Galway, 2018<\/p>\n\n\n\n<p class=\"has-small-font-size\">Panel discussion with Joy Gerrard and Kevin Atherton chaired by Sarah O\u2019Neill, RHA, Dublin, 2018<\/p>\n\n\n\n<p class=\"has-small-font-size\">Visiting Lecturer, IADT, Dublin, 2017<\/p>\n\n\n\n<p class=\"has-small-font-size\">Artist Talk, Hugh Lane, Dublin, 2017&nbsp;<\/p>\n\n\n\n<p class=\"has-small-font-size\">Cruinni\u00fa na C\u00e1sca, panel discussion chaired by Crist\u00edn Leach, Dublin Castle, Dublin 2017&nbsp;<\/p>\n\n\n\n<p class=\"has-pale-pink-color has-text-color has-link-color has-small-font-size wp-elements-2dd0e6d6010ee269a6ffc3775ff5166b\"><strong><mark style=\"background-color:rgba(0, 0, 0, 0)\" class=\"has-inline-color has-pale-pink-color\">Awards<\/mark><\/strong><\/p>\n\n\n\n<p class=\"has-small-font-size\">Award Of distinction, Prix Ars Electronica, 2023<\/p>\n\n\n\n<p class=\"has-small-font-size\">Arts Council Visual Arts Project Award, 2023, 2022<\/p>\n\n\n\n<p class=\"has-small-font-size\">Arts Council Visual Arts Bursary Award, 2023, 2022, 2021, 2020, 2019, 2018<\/p>\n\n\n\n<p class=\"has-small-font-size\">Golden Fleece Award, 2021<\/p>\n\n\n\n<p class=\"has-small-font-size\">Fingal Artist Bursary, 2020, 2019, 2018<\/p>\n\n\n\n<p class=\"has-small-font-size\">AFAC Visual Arts Grant, 2018<\/p>\n\n\n\n<p class=\"has-pale-pink-color has-text-color has-link-color has-small-font-size wp-elements-34bbb9f52f366920af7407c518b48fdc\"><strong><mark style=\"background-color:rgba(0, 0, 0, 0)\" class=\"has-inline-color has-pale-pink-color\">Publications and reviews<\/mark><\/strong><\/p>\n\n\n\n<p class=\"has-small-font-size\"><a href=\"https:\/\/umbigo.space\/en\/post-digital\/superficies_hiper-reais_corpos_em_dissolucao_uma_exploracao_do_cgi_e_do_mito_na_obra_de_bassam_issa_al-sabah-hz9jzq-6995acf25314e66bef191496\">Interview: Hyperreal Surfaces, Dissolving Bodies: Exploring CGI and Myth in Bassam Issa Al-Sabah\u2019s Work, Interview by Alexander Burenkov, Umbigo.Space, 2026<\/a><\/p>\n\n\n\n<p class=\"has-small-font-size\"><a href=\"https:\/\/canvasonline.com\/digital-evasion-bassam-issa-al-sabah-at-fact-liverpool\/\">Review: Bassam Issa Al-Sabah: The Mission is the End, The End is All I Want! , Canvas Magazine, 2026<\/a><\/p>\n\n\n\n<p class=\"has-small-font-size\"><a href=\"https:\/\/www.artinliverpool.com\/features-old-posts-archive\/reviews\/review-bassam-issa-al-sabah-the-mission-is-the-end-the-end-is-all-i-want-at-fact\/\">Review: Bassam Issa Al-Sabah: The Mission is the End, The End is All I Want! , ArtInLiverpool, 2025<\/a><\/p>\n\n\n\n<p class=\"has-small-font-size\"><a href=\"https:\/\/www.artfridge.de\/2025\/11\/interview-bassam-issa-al-sabah-and.html\">Interview: Bassam Issa Al-Sabah and Jennifer Mehigan, ARTFRIDGE, 2025<\/a><\/p>\n\n\n\n<p class=\"has-small-font-size\"><a href=\"https:\/\/art-verge.com\/biolytic-landscapes-desire-collapse-and-the-mega-femme-mythology-of-issa-al-sabah-mehigan-at-vssl-studio-in-london\/\">Interview: Bassam Issa Al-Sabah and Jennifer Mehigan, ARTVERGE, 2025<\/a><\/p>\n\n\n\n<p class=\"has-small-font-size\"><a href=\"https:\/\/www.coeval-magazine.com\/coeval\/bassam-issa-al-sabah\">Interview for Coeval Magazine by Alice Minervini, 2024<\/a><\/p>\n\n\n\n<p class=\"has-small-font-size\"><a href=\"https:\/\/www.berlinartlink.com\/2023\/12\/12\/interview-bassam-issa-al-sabah-transmediale-2024\/\">Rendering Goddesses, Berlin Art Link, 2023<\/a><\/p>\n\n\n\n<p class=\"has-small-font-size\"><a href=\"https:\/\/www.totallydublin.ie\/arts-culture\/artsdesk-shimmer-bassam-al-sabah\/\">Shimmer \u2013 Bassam Al-Sabah, Totally Dublin, Jan 2023<\/a><\/p>\n\n\n\n<p class=\"has-small-font-size\"><a href=\"https:\/\/canvasonline.com\/bassam-al-sabah\/\">Interview with Katherine Volk for Canvas Magazine, Nov 2022<\/a><\/p>\n\n\n\n<p class=\"has-small-font-size\"><a href=\"https:\/\/papervisualart.com\/2021\/09\/02\/bassam-al-sabah-i-am-error-gasworks-london-21-july-19-september-2021\/\">Article on I AM ERROR, Kevin Brazil, Paper Visual Art, 2021<\/a><\/p>\n\n\n\n<p class=\"has-small-font-size\"><a href=\"https:\/\/www.thenationalnews.com\/arts-culture\/art\/2021\/08\/03\/how-iraqi-irish-artist-bassam-al-sabah-uses-cgi-to-bring-video-game-scenarios-to-life\/\">Artist Feature, Melissa Gronlund, The National, August 2021<\/a><\/p>\n\n\n\n<p class=\"has-small-font-size\"><a href=\"https:\/\/www.frieze.com\/article\/bassam-al-sabahs-shapeshifting-avatars\">Bassam Al-Sabah\u2019s Shapeshifting Avatars, Chris Hayes, Frieze Magazine, Sep 2021<\/a><\/p>\n\n\n\n<p class=\"has-small-font-size\"><a href=\"https:\/\/aidankellymurphy.com\/2019\/09\/01\/vai-rose-tinted-nostalgia\/\">Rose Tinted Nostalgia, Aidan Kelly Murphy, Visual Artist Newsletter, Sep 2019<\/a><\/p>\n\n\n\n<p class=\"has-small-font-size\">Review of TULCA, Syntonic State, Aine Phillips, Visual Artists\u2019 Newsletter, Jan 2019<\/p>\n\n\n\n<p class=\"has-small-font-size\">Exhibition highlights of the year, Aidan Dunne, The Irish Times, Dec 2018<\/p>\n\n\n\n<p class=\"has-small-font-size\">A lively look at the state of Irish contemporary visual art, Aidan Dunne, The Irish Times, 2018<\/p>\n\n\n\n<p class=\"has-small-font-size\">Bleeders: review of Film \u201cFenced Within the Silent Cold Walls\u201d, James Merrigan, Dec 2018<\/p>\n\n\n\n<p class=\"has-small-font-size\">Review of TULCA, Syntonic State, Catherine Harty, Circa Art Magazine, Dec 2018<\/p>\n\n\n\n<p class=\"has-small-font-size\">High anxiety and the fine art of falling apart, Aidan Dunne, The Irish Times, Nov 2018<\/p>\n\n\n\n<p class=\"has-small-font-size\">Existential Show for Our Times, Cristin Leach, Sunday Times Culture, 25th November 2018<\/p>\n\n\n\n<p class=\"has-small-font-size\">Welcome to the Future, Padraic E Moore, Irish Arts Review, Winter Issue 2018\/2019<\/p>\n\n\n\n<p class=\"has-small-font-size\">Exhibition highlights of the year, Margarita Cappock, Irish Arts Review, Winter Issue 2018\/2019<\/p>\n\n\n\n<p class=\"has-small-font-size\">Interview with Bassam Al-Sabah, Cecilia Danell and Marcel Vidal by Joanne Laws, VAN, 2018<\/p>\n\n\n\n<p class=\"has-small-font-size\">From Iraq to Ireland: UFO Robot Grendizer and visual artist Bassam Al-Sabah, 2018<\/p>\n\n\n\n<p class=\"has-small-font-size\">Review of \u201cIllusion of Love Dyed by Sunset\u201d, Circa Art Magazine, By Suzanne Walsh, 2018<\/p>\n\n\n\n<p class=\"has-small-font-size\">Five-star review of \u201cIllusions of Love Dyed by Sunset\u201d, The Irish Times by Aidan Dunne, 2018<\/p>\n\n\n\n<p class=\"has-small-font-size\">The dust carried me into the watchful summer featured in the Irish Times by Gemma Tipton, 2017<\/p>\n\n\n\n<p class=\"has-small-font-size\">50 people to watch in 2017 by Gemma Tipton, 2017<\/p>\n\n\n\n<p class=\"has-small-font-size\">RDS Visual Arts Awards: encouraging a new generation by Gemma Tipton, 2016<\/p>\n\n\n\n<p class=\"has-small-font-size\">Video Review of Dublin Degree Shows by James Merrigan, 2016<\/p>\n\n\n\n<p class=\"has-pale-pink-color has-text-color has-link-color has-small-font-size wp-elements-26add01cd5049d06b821a8059bb457c3\"><strong>Collections<\/strong><\/p>\n\n\n\n<p class=\"has-small-font-size\">Irish Museum Of Modern Art<\/p>\n\n\n\n<p class=\"has-small-font-size\">Arts Council of Ireland Collection<\/p>\n\n\n\n<p class=\"has-small-font-size\">Dun Laoghaire Rathdown County Council<\/p>\n\n\n\n<p class=\"has-small-font-size\">Private Collections<\/p>\n","protected":false},"excerpt":{"rendered":"<p>Solo Exhibitions THE MISSION IS THE END, THE END IS ALL I WANT!, FACT, Liverpool, 2025 Biolytic Daughter, VSSL Studio, London, 2025 you are in heaven but suddenly everything begins to burn, Kunstverein Aughrim, Wicklow, 2024 Uncensored Lilac, IT Server Hotel Heidelberg, IFFMH, Germany, 2024, Uncensored Lilac, Silent Green, Transmediale, 2024 (in collaboration with Jennifer Mehigan) A Scream Floats Among the Flowers, Illuminations Gallery, Maynooth, 2023 IT\u2019S DANGEROUS TO GO<\/p>\n<div class=\"belowpost\"><a class=\"btnmore\" href=\"https:\/\/bassamissa.xyz\/?page_id=233\">Read More<\/a><\/div>\n","protected":false},"author":1,"featured_media":0,"parent":0,"menu_order":0,"comment_status":"closed","ping_status":"closed","template":"","meta":{"footnotes":""},"_links":{"self":[{"href":"https:\/\/bassamissa.xyz\/index.php?rest_route=\/wp\/v2\/pages\/233"}],"collection":[{"href":"https:\/\/bassamissa.xyz\/index.php?rest_route=\/wp\/v2\/pages"}],"about":[{"href":"https:\/\/bassamissa.xyz\/index.php?rest_route=\/wp\/v2\/types\/page"}],"author":[{"embeddable":true,"href":"https:\/\/bassamissa.xyz\/index.php?rest_route=\/wp\/v2\/users\/1"}],"replies":[{"embeddable":true,"href":"https:\/\/bassamissa.xyz\/index.php?rest_route=%2Fwp%2Fv2%2Fcomments&post=233"}],"version-history":[{"count":41,"href":"https:\/\/bassamissa.xyz\/index.php?rest_route=\/wp\/v2\/pages\/233\/revisions"}],"predecessor-version":[{"id":1097,"href":"https:\/\/bassamissa.xyz\/index.php?rest_route=\/wp\/v2\/pages\/233\/revisions\/1097"}],"wp:attachment":[{"href":"https:\/\/bassamissa.xyz\/index.php?rest_route=%2Fwp%2Fv2%2Fmedia&parent=233"}],"curies":[{"name":"wp","href":"https:\/\/api.w.org\/{rel}","templated":true}]}}